{"id":105,"date":"2024-04-28T03:20:58","date_gmt":"2024-04-28T09:20:58","guid":{"rendered":"https:\/\/globalizacionydesarrollo.com\/home\/?page_id=105"},"modified":"2024-08-01T19:32:19","modified_gmt":"2024-08-02T01:32:19","slug":"articulos","status":"publish","type":"page","link":"https:\/\/globalizacionydesarrollo.com\/home\/articulos\/","title":{"rendered":"Articulos"},"content":{"rendered":"\n<p class=\"has-text-align-left has-medium-font-size\"><strong><a href=\"https:\/\/globalizacionydesarrollo.com\/index.php\/articulos\/analisis-preliminar-de-los-capitulos\"><br>An\u00e1lisis preliminar de los cap\u00edtulos&#8230;<\/a><\/strong><\/p>\n\n\n\n<p>An\u00e1lisis preliminar de los cap\u00edtulos de inversi\u00f3n, energ\u00eda, agricultura, servicios financieros y tipo de cambio en el Tratado entre M\u00e9xico, Estados Unidos y Canad\u00e1 (T-MEC).<\/p>\n\n\n\n<p><strong><a href=\"https:\/\/globalizacionydesarrollo.com\/index.php\/articulos\/presente-y-futuro-de-la-politica-economica-y-comercial-de-mexico-y-del-tlcan\">Presente y futuro de la pol\u00edtica econ\u00f3mica y comercial de M\u00e9xico y del TLCAN.<\/a><\/strong><\/p>\n\n\n\n<p>Presente y futuro de la pol\u00edtica econ\u00f3mica y comercial de M\u00e9xico y del TLCAN.<\/p>\n\n\n\n<p><strong><a href=\"https:\/\/globalizacionydesarrollo.com\/index.php\/articulos\/propuestas-para-la-renegociacion-del-capitulo-agropecuario-del-tratado-de-libre-comercio-de-america\">Propuestas para la renegociaci\u00f3n del cap\u00edtulo agropecuario del Tratado de Libre Comercio de Am\u00e9rica.<\/a><\/strong><\/p>\n\n\n\n<p>Propuestas para la renegociaci\u00f3n del cap\u00edtulo agropecuario&nbsp;del Tratado de Libre Comercio de Am\u00e9rica del Norte.<\/p>\n\n\n\n<p><strong><a href=\"https:\/\/globalizacionydesarrollo.com\/index.php\/articulos\/multilateralismo-y-regionalismo-abierto\">Multilateralismo y regionalismo abierto.<\/a><\/strong><\/p>\n\n\n\n<p>Multilateralismo y regionalismo abierto: pol\u00edtica de relaciones internacionales de M\u00e9xico ante el neoproteccionismo de Donald Trump.<\/p>\n\n\n\n<p><strong><a href=\"https:\/\/globalizacionydesarrollo.com\/index.php\/articulos\/renegociacion-del-tlcan-escenarios-y-alternativas\">Renegociaci\u00f3n del TLCAN, escenarios y alternativas.<\/a><\/strong><\/p>\n\n\n\n<p>TLCAN:&nbsp;\u00bf Renegociaci\u00f3n contraia al inter\u00e9s. nacional de M\u00e9xico o ruptura pactada para regir nuestro comercio con las normas de la OMC?<\/p>\n\n\n\n<p><\/p>\n\n\n\n<p><\/p>\n\n\n\n<p><\/p>\n","protected":false},"excerpt":{"rendered":"<p>An\u00e1lisis preliminar de los cap\u00edtulos&#8230; An\u00e1lisis preliminar de los cap\u00edtulos de inversi\u00f3n, energ\u00eda, agricultura, servicios financieros y tipo de cambio en el Tratado entre M\u00e9xico, Estados Unidos y Canad\u00e1 (T-MEC). Presente y futuro de la pol\u00edtica econ\u00f3mica y comercial de M\u00e9xico y del TLCAN. Presente y futuro de la pol\u00edtica econ\u00f3mica y comercial de M\u00e9xico [&hellip;]<\/p>\n","protected":false},"author":1,"featured_media":0,"parent":0,"menu_order":0,"comment_status":"closed","ping_status":"closed","template":"","meta":{"_editorskit_title_hidden":true,"_editorskit_reading_time":0,"_editorskit_is_block_options_detached":false,"_editorskit_block_options_position":"{}","footnotes":""},"class_list":["post-105","page","type-page","status-publish","hentry"],"_links":{"self":[{"href":"https:\/\/globalizacionydesarrollo.com\/home\/wp-json\/wp\/v2\/pages\/105","targetHints":{"allow":["GET"]}}],"collection":[{"href":"https:\/\/globalizacionydesarrollo.com\/home\/wp-json\/wp\/v2\/pages"}],"about":[{"href":"https:\/\/globalizacionydesarrollo.com\/home\/wp-json\/wp\/v2\/types\/page"}],"author":[{"embeddable":true,"href":"https:\/\/globalizacionydesarrollo.com\/home\/wp-json\/wp\/v2\/users\/1"}],"replies":[{"embeddable":true,"href":"https:\/\/globalizacionydesarrollo.com\/home\/wp-json\/wp\/v2\/comments?post=105"}],"version-history":[{"count":51,"href":"https:\/\/globalizacionydesarrollo.com\/home\/wp-json\/wp\/v2\/pages\/105\/revisions"}],"predecessor-version":[{"id":223,"href":"https:\/\/globalizacionydesarrollo.com\/home\/wp-json\/wp\/v2\/pages\/105\/revisions\/223"}],"wp:attachment":[{"href":"https:\/\/globalizacionydesarrollo.com\/home\/wp-json\/wp\/v2\/media?parent=105"}],"curies":[{"name":"wp","href":"https:\/\/api.w.org\/{rel}","templated":true}]}}