{"id":18,"date":"2024-04-25T09:00:19","date_gmt":"2024-04-25T09:00:19","guid":{"rendered":"https:\/\/globalizacionydesarrollo.com\/home\/?page_id=18"},"modified":"2024-04-27T21:18:46","modified_gmt":"2024-04-28T03:18:46","slug":"test","status":"publish","type":"page","link":"https:\/\/globalizacionydesarrollo.com\/home\/","title":{"rendered":"Home"},"content":{"rendered":"\n<div class=\"wp-block-columns is-layout-flex wp-container-core-columns-is-layout-28f84493 wp-block-columns-is-layout-flex\">\n<div class=\"wp-block-column is-layout-flow wp-block-column-is-layout-flow\" style=\"flex-basis:20%\">\n<figure class=\"wp-block-image aligncenter size-full\"><img loading=\"lazy\" decoding=\"async\" width=\"131\" height=\"131\" src=\"http:\/\/globalizacionydesarrollo.com\/home\/wp-content\/uploads\/2024\/04\/image-3.png\" alt=\"\" class=\"wp-image-53\"\/><\/figure>\n<\/div>\n\n\n\n<div class=\"wp-block-column is-layout-flow wp-block-column-is-layout-flow\" style=\"flex-basis:120%\">\n<p class=\"has-text-align-justify has-contrast-color has-text-color has-link-color has-system-serif-font-family has-small-font-size wp-elements-82d0a8a7fe3ca62830df2a3ef2a0aa8b\">El Dr. Jorge Alfonso Calder\u00f3n Salazar es un economista y autor mexicano originario del Estado de Sinaloa. Acad\u00e9mico de n\u00famero de la Academia Mexicana de Econom\u00eda Pol\u00edtica. Ha recibido diversas distinciones y premios de investigaci\u00f3n. Ponente en numerosos eventos acad\u00e9micos nacionales e internacionales.<\/p>\n<\/div>\n<\/div>\n\n\n\n<hr class=\"wp-block-separator aligncenter has-alpha-channel-opacity\"\/>\n\n\n\n<p><\/p>\n\n\n\n<p class=\"has-heading-font-family has-medium-font-size\" style=\"margin-top:0;margin-right:0;margin-bottom:0;margin-left:0\"><strong>Bienvenido a mi p\u00e1gina WEB:\u00a0 \u201cGlobalizaci\u00f3n y Desarrollo Econ\u00f3mico. Libros, textos y ensayos. Dr. Jorge Alfonso Calder\u00f3n Salazar.\u201d.<\/strong><\/p>\n\n\n\n<p class=\"has-text-align-justify has-heading-font-family has-small-font-size\">Soy economista y profesor de la Facultad de Econom\u00eda de la Universidad Nacional Aut\u00f3noma de M\u00e9xico (UNAM). Pertenezco a laAcademia Mexicana de Econom\u00eda Pol\u00edtica.&nbsp;<\/p>\n\n\n\n<p class=\"has-text-align-justify has-heading-font-family has-small-font-size\">Nac\u00ed en 1949 en una peque\u00f1a poblaci\u00f3n de M\u00e9xico situada en la costa del&nbsp; oc\u00e9ano Pac\u00edfico, en el&nbsp; estado de Sinaloa.&nbsp;<\/p>\n\n\n\n<p class=\"has-text-align-justify has-heading-font-family has-small-font-size\">De 1966 a 1971 realic\u00e9 estudios de econom\u00eda en la Escuela Nacional de Econom\u00eda de la &nbsp;Universidad Nacional Aut\u00f3noma de M\u00e9xico (UNAM). Posteriormente hice varios posgrados en econom\u00eda y relaciones internacionales en la Escuela de Altos Estudios en Ciencias Sociales de Francia, el Colegio de M\u00e9xico y obtuve el grado de Doctor en Relaciones Internacionales en la Universidad Aut\u00f3noma Metropolitana de M\u00e9xico.&nbsp;<\/p>\n\n\n\n<p class=\"has-text-align-justify has-heading-font-family has-small-font-size\">Al t\u00e9rmino de mi carrera universitaria me incorpor\u00e9 a las actividades docentes y de investigaci\u00f3n. Desde 1981 soy profesor titular de Desarrollo Econ\u00f3mico, Econom\u00eda Internacional y Desarrollo Rural en la Facultad de Econom\u00eda de la UNAM. Adem\u00e1s, de manera simult\u00e1nea impart\u00ed durante casi 20 a\u00f1os cursos sobre estos temas en el posgrado de la Universidad Aut\u00f3noma Chapingo y de la Universidad Aut\u00f3noma Metropolitana (en la Ciudad de M\u00e9xico).&nbsp;He sido ponente en numerosos eventos acad\u00e9micos nacionales e internacionales habiendo recibido distinciones y premios de investigaci\u00f3n. He sido consultor, asesor y director de organizaciones no gubernamentales, organismos internacionales e instituciones p\u00fablicas.<\/p>\n\n\n\n<p class=\"has-text-align-justify has-heading-font-family has-small-font-size\">Participo en la lucha social y pol\u00edtica desde que era estudiante universitario. En 1968 me integr\u00e9 a la lucha democr\u00e1tica que impulsaba el movimiento estudiantil de M\u00e9xico. He sido, y sigo siendo, &nbsp;un activo defensor de los derechos humanos, las libertades democr\u00e1ticas y la justicia social. En los a\u00f1os noventa del siglo XX fui Diputado Federal y Senador de la Rep\u00fablica &nbsp;en el Congreso de la Uni\u00f3n de M\u00e9xico y presidente de la Comisi\u00f3n de Relaciones Exteriores para el Pac\u00edfico, \u00c1frica y Ocean\u00eda.<\/p>\n\n\n\n<p class=\"has-text-align-justify has-heading-font-family has-small-font-size\">A lo largo de los a\u00f1os he realizado numerosas investigaciones sobre econom\u00eda, relaciones internacionales y desarrollo rural. En muchas de ellas he analizado, desde diversos \u00e1ngulos, la interrelaci\u00f3n din\u00e1mica entre desarrollo econ\u00f3mico, desarrollo rural y proceso contempor\u00e1neo de globalizaci\u00f3n. Por ello decid\u00ed dar esta denominaci\u00f3n a mi p\u00e1gina web.<\/p>\n\n\n\n<p class=\"has-text-align-justify has-heading-font-family has-small-font-size\">Mi prop\u00f3sito, &nbsp;al integrar este espacio de internet, &nbsp;es facilitar la consulta de mis publicaciones: libros, art\u00edculos y cap\u00edtulos en obras de varios autores, que he elaborado durante varias d\u00e9cadas. Espero que sea \u00fatil para quienes estudien la globalizaci\u00f3n y el desarrollo econ\u00f3mico contempor\u00e1neo.&nbsp;<\/p>\n\n\n\n<p class=\"has-heading-font-family has-small-font-size\">Reciban un cordial saludo.<\/p>\n\n\n\n<p class=\"has-heading-font-family has-small-font-size\">&nbsp;Dr. Jorge Alfonso Calder\u00f3n Salazar<\/p>\n\n\n\n<p class=\"has-heading-font-family has-small-font-size\">Ciudad de M\u00e9xico, 2018.<\/p>\n\n\n\n<hr class=\"wp-block-separator has-alpha-channel-opacity\"\/>\n","protected":false},"excerpt":{"rendered":"<p>El Dr. Jorge Alfonso Calder\u00f3n Salazar es un economista y autor mexicano originario del Estado de Sinaloa. Acad\u00e9mico de n\u00famero de la Academia Mexicana de Econom\u00eda Pol\u00edtica. Ha recibido diversas distinciones y premios de investigaci\u00f3n. Ponente en numerosos eventos acad\u00e9micos nacionales e internacionales. Bienvenido a mi p\u00e1gina WEB:\u00a0 \u201cGlobalizaci\u00f3n y Desarrollo Econ\u00f3mico. Libros, textos y [&hellip;]<\/p>\n","protected":false},"author":1,"featured_media":0,"parent":0,"menu_order":0,"comment_status":"closed","ping_status":"closed","template":"","meta":{"_editorskit_title_hidden":false,"_editorskit_reading_time":0,"_editorskit_is_block_options_detached":false,"_editorskit_block_options_position":"{}","footnotes":""},"class_list":["post-18","page","type-page","status-publish","hentry"],"_links":{"self":[{"href":"https:\/\/globalizacionydesarrollo.com\/home\/wp-json\/wp\/v2\/pages\/18","targetHints":{"allow":["GET"]}}],"collection":[{"href":"https:\/\/globalizacionydesarrollo.com\/home\/wp-json\/wp\/v2\/pages"}],"about":[{"href":"https:\/\/globalizacionydesarrollo.com\/home\/wp-json\/wp\/v2\/types\/page"}],"author":[{"embeddable":true,"href":"https:\/\/globalizacionydesarrollo.com\/home\/wp-json\/wp\/v2\/users\/1"}],"replies":[{"embeddable":true,"href":"https:\/\/globalizacionydesarrollo.com\/home\/wp-json\/wp\/v2\/comments?post=18"}],"version-history":[{"count":12,"href":"https:\/\/globalizacionydesarrollo.com\/home\/wp-json\/wp\/v2\/pages\/18\/revisions"}],"predecessor-version":[{"id":66,"href":"https:\/\/globalizacionydesarrollo.com\/home\/wp-json\/wp\/v2\/pages\/18\/revisions\/66"}],"wp:attachment":[{"href":"https:\/\/globalizacionydesarrollo.com\/home\/wp-json\/wp\/v2\/media?parent=18"}],"curies":[{"name":"wp","href":"https:\/\/api.w.org\/{rel}","templated":true}]}}