{"id":224,"date":"2024-08-01T20:29:43","date_gmt":"2024-08-02T02:29:43","guid":{"rendered":"https:\/\/globalizacionydesarrollo.com\/home\/?page_id=224"},"modified":"2024-08-08T22:12:25","modified_gmt":"2024-08-09T04:12:25","slug":"capitulos-de-libros","status":"publish","type":"page","link":"https:\/\/globalizacionydesarrollo.com\/home\/capitulos-de-libros\/","title":{"rendered":"Cap\u00edtulos de Libros"},"content":{"rendered":"\n<p><\/p>\n\n\n\n<ul class=\"wp-block-list\">\n<li class=\"has-small-font-size\">\u00bfIntegraci\u00f3n o Desintegraci\u00f3n?. Transformaciones recientes en Am\u00e9rica del Norte.\n<ul class=\"wp-block-list\">\n<li class=\"has-small-font-size\"><a href=\"http:\/\/globalizacionydesarrollo.com\/home\/wp-content\/uploads\/2024\/08\/Integracion_o_Desintegracion-capitulo.pdf\" target=\"_blank\" rel=\"noreferrer noopener\">Balance preliminar de la renegociaci\u00f3n del&nbsp;TLCAN: el&nbsp;T-MEC. Escenarios y perspectivas.<\/a><\/li>\n<\/ul>\n<\/li>\n<\/ul>\n\n\n\n<hr class=\"wp-block-separator has-alpha-channel-opacity\"\/>\n\n\n\n<ul class=\"wp-block-list\">\n<li class=\"has-small-font-size\"><strong><a href=\"https:\/\/globalizacionydesarrollo.com\/images\/pdf\/capitulos\/Apertura%20economica%20y%20perspectivas%20del%20sector%20agropecuario%20mexicano%20hacia%20el%20a&amp;o%202000.pdf\"><\/a><\/strong>Reflexiones sobre seguridad alimentaria. Busqueda y alternativas para el desarrollo de M\u00e9xico.\n<ul class=\"wp-block-list\">\n<li class=\"has-small-font-size\"><a href=\"http:\/\/globalizacionydesarrollo.com\/home\/wp-content\/uploads\/2024\/07\/Reflexiones_Sobre_Seguridad_Alimentaria.pdf\" target=\"_blank\" rel=\"noreferrer noopener\">TLCAN y la Trasnacionalizaci\u00f3n Agr\u00edcola Y Agroindustrial de M\u00e9xico. su Impacto en la Seguridad Alimentaria.<\/a><\/li>\n<\/ul>\n<\/li>\n<\/ul>\n\n\n\n<hr class=\"wp-block-separator has-alpha-channel-opacity\"\/>\n\n\n\n<ul class=\"wp-block-list\">\n<li class=\"has-small-font-size\">Las relaciones econ\u00f3micas y geopol\u00edticas de Am\u00e9rica Latina con China, Estados Unidos y Rusia 1997-2010.\n<ul class=\"wp-block-list\">\n<li class=\"has-small-font-size\"><a href=\"http:\/\/globalizacionydesarrollo.com\/home\/wp-content\/uploads\/2024\/08\/Las_Relaciones_Economicas_y_Geopoliticas_capitulo.pdf\" target=\"_blank\" rel=\"noreferrer noopener\">TLCAN y ASPAN: integraci\u00f3n subordinada de M\u00e9xico.<\/a><\/li>\n<\/ul>\n<\/li>\n<\/ul>\n\n\n\n<hr class=\"wp-block-separator has-alpha-channel-opacity\"\/>\n\n\n\n<ul class=\"wp-block-list\">\n<li class=\"has-small-font-size\">La Integraci\u00f3n de Am\u00e9rica del Norte y la Pol\u00edtica Internacional de Estados Unidos.\n<ul class=\"wp-block-list\">\n<li><a href=\"http:\/\/globalizacionydesarrollo.com\/home\/wp-content\/uploads\/2024\/08\/La_integracion_de_America_del_Norte-capitulo.pdf\" target=\"_blank\" rel=\"noreferrer noopener\">Balanza de Pagos Y Vulnerabilidad Externa de M\u00e9xico en el TLCAN y en el T-MEC<\/a>.<\/li>\n<\/ul>\n<\/li>\n<\/ul>\n\n\n\n<hr class=\"wp-block-separator has-alpha-channel-opacity\"\/>\n\n\n\n<ul class=\"wp-block-list\">\n<li class=\"has-small-font-size\">Apertura econ\u00f3mica y perspectivas del sector agropecuario mexicano hacia el a\u00f1o 2000.\n<ul class=\"wp-block-list\">\n<li><a href=\"https:\/\/globalizacionydesarrollo.com\/images\/pdf\/capitulos\/Apertura%20economica%20y%20perspectivas%20del%20sector%20agropecuario%20mexicano%20hacia%20el%20a&amp;o%202000.pdf\" target=\"_blank\" rel=\"noreferrer noopener\">Tratado de libre comercio, desarrollo rural y crisis agr\u00edcola en M\u00e9xico.<\/a><\/li>\n<\/ul>\n<\/li>\n<\/ul>\n\n\n\n<hr class=\"wp-block-separator has-alpha-channel-opacity\"\/>\n\n\n\n<ul class=\"wp-block-list\">\n<li class=\"has-small-font-size\">Aspan nuevo desaf\u00edo a la naci\u00f3n mexicana 1.\n<ul class=\"wp-block-list\">\n<li class=\"has-small-font-size\"><a href=\"https:\/\/globalizacionydesarrollo.com\/images\/pdf\/capitulos\/Aspan%20nuevo%20desafio%20a%20la%20nacion%20mexicana%201.pdf\" target=\"_blank\" rel=\"noreferrer noopener\">ASPAN y\/o TLCAN-plus: profundizar la integraci\u00f3n subordinada.<\/a><\/li>\n<\/ul>\n<\/li>\n<\/ul>\n\n\n\n<hr class=\"wp-block-separator has-alpha-channel-opacity\"\/>\n\n\n\n<ul class=\"wp-block-list\">\n<li class=\"has-small-font-size\">Aspan nuevo desaf\u00edo a la naci\u00f3n mexicana 2.\n<ul class=\"wp-block-list\">\n<li><a href=\"https:\/\/globalizacionydesarrollo.com\/images\/pdf\/capitulos\/Aspan%20nuevo%20desafio%20a%20la%20nacion%20mexicana%202.pdf\" target=\"_blank\" rel=\"noreferrer noopener\">ASPAN y\/o TLCAN-plus: profundizar la integraci\u00f3n subordinada.<\/a><\/li>\n<\/ul>\n<\/li>\n<\/ul>\n\n\n\n<hr class=\"wp-block-separator has-alpha-channel-opacity\"\/>\n\n\n\n<ul class=\"wp-block-list\">\n<li class=\"has-small-font-size\">Balance del sector agropecuario mexicano a 100 a\u00f1os de la revoluci\u00f3n.\n<ul class=\"wp-block-list\">\n<li><a href=\"https:\/\/globalizacionydesarrollo.com\/images\/pdf\/capitulos\/Balance%20del%20sector%20agropecuario%20mexicano%20a%20100%20a&amp;os%20de%20la%20revolucion.pdf\" target=\"_blank\" rel=\"noreferrer noopener\">Crisis alimentaria y crisis econ\u00f3mica en M\u00e9xico (2008-2009).En el a\u00f1o del bicentenario millones de compatriotas&nbsp;no tienen nada que celebrar.<\/a><\/li>\n<\/ul>\n<\/li>\n<\/ul>\n\n\n\n<hr class=\"wp-block-separator has-alpha-channel-opacity\"\/>\n\n\n\n<ul class=\"wp-block-list\">\n<li class=\"has-small-font-size\">Crisis alimentaria, TLCAN y soberan\u00eda en el M\u00e9xico actual.\n<ul class=\"wp-block-list\">\n<li><a href=\"https:\/\/globalizacionydesarrollo.com\/images\/pdf\/capitulos\/Crisis%20alimentaria,%20TLCAN%20y%20soberania%20en%20el%20Mexico%20actual.pdf\" target=\"_blank\" rel=\"noreferrer noopener\">Pol\u00edticas de ajuste estructural, TLCAN y crisis alimentaria en M\u00e9xico.<\/a><\/li>\n<\/ul>\n<\/li>\n<\/ul>\n\n\n\n<hr class=\"wp-block-separator has-alpha-channel-opacity\"\/>\n\n\n\n<ul class=\"wp-block-list\">\n<li class=\"has-small-font-size\">Crisis global respuestas nacionales.\n<ul class=\"wp-block-list\">\n<li><a href=\"https:\/\/globalizacionydesarrollo.com\/images\/pdf\/capitulos\/Crisis%20global%20respuestas%20nacionales.pdf\" target=\"_blank\" rel=\"noreferrer noopener\">La crisis econ\u00f3mica en M\u00e9xico.&nbsp;Vulnerabilidad y condicionalidad externa.<\/a><\/li>\n<\/ul>\n<\/li>\n<\/ul>\n\n\n\n<hr class=\"wp-block-separator has-alpha-channel-opacity\"\/>\n\n\n\n<ul class=\"wp-block-list\">\n<li class=\"has-small-font-size\">Derecho internacional de los derechos humanos.\n<ul class=\"wp-block-list\">\n<li><a href=\"https:\/\/globalizacionydesarrollo.com\/images\/pdf\/capitulos\/Derecho%20internacional%20de%20los%20derechos%20humanos.pdf\" target=\"_blank\" rel=\"noreferrer noopener\">Derechos humanos&nbsp;y tratado de libre comercio&nbsp;M\u00e9xico-Uni\u00f3n Europea<\/a><\/li>\n<\/ul>\n<\/li>\n<\/ul>\n\n\n\n<hr class=\"wp-block-separator has-alpha-channel-opacity\"\/>\n\n\n\n<ul class=\"wp-block-list\">\n<li class=\"has-small-font-size\">Derecho y seguridad internacional.\n<ul class=\"wp-block-list\">\n<li><a href=\"https:\/\/globalizacionydesarrollo.com\/images\/pdf\/capitulos\/Derecho%20y%20seguridad%20internacional.pdf\" target=\"_blank\" rel=\"noreferrer noopener\">La experiencia de los APPRIs y de las dem\u00e1s normas sobre inver\u00adsi\u00f3n en el TLCAN, el TLC M\u00e9xico-Uni\u00f3n Europea y la OMC. Su&nbsp;relaci\u00f3n con la regulaci\u00f3n de la inversi\u00f3n extranjera en M\u00e9xico.<\/a><\/li>\n<\/ul>\n<\/li>\n<\/ul>\n\n\n\n<hr class=\"wp-block-separator has-alpha-channel-opacity\"\/>\n\n\n\n<ul class=\"wp-block-list\">\n<li class=\"has-small-font-size\">Econom\u00eda pol\u00edtica del M\u00e9xico contempor\u00e1neo.\n<ul class=\"wp-block-list\">\n<li><a href=\"https:\/\/globalizacionydesarrollo.com\/images\/pdf\/capitulos\/Economia%20politica%20del%20Mexico%20contemporaneo.pdf\" target=\"_blank\" rel=\"noreferrer noopener\">Libre comercio y desarrollo&nbsp;en el pensamiento de Ifigenia Mart\u00ednez.<\/a><\/li>\n<\/ul>\n<\/li>\n<\/ul>\n\n\n\n<hr class=\"wp-block-separator has-alpha-channel-opacity\"\/>\n\n\n\n<ul class=\"wp-block-list\">\n<li class=\"has-small-font-size\">Econom\u00eda y democracia.\n<ul class=\"wp-block-list\">\n<li><a href=\"https:\/\/globalizacionydesarrollo.com\/images\/pdf\/capitulos\/Economia%20y%20democracia.pdf\" target=\"_blank\" rel=\"noreferrer noopener\">Democracia, pol\u00edtica econ\u00f3mica y TLC.<\/a><\/li>\n<\/ul>\n<\/li>\n<\/ul>\n\n\n\n<hr class=\"wp-block-separator has-alpha-channel-opacity\"\/>\n\n\n\n<ul class=\"wp-block-list\">\n<li class=\"has-small-font-size\">El campo mexicano en el umbral del siglo XXI.\n<ul class=\"wp-block-list\">\n<li><a href=\"https:\/\/globalizacionydesarrollo.com\/images\/pdf\/capitulos\/El%20campo%20mexicano%20en%20el%20umbral%20del%20siglo%20XXI.pdf\" target=\"_blank\" rel=\"noreferrer noopener\">Modelo alternativo de desarrollo, democracia. Estado y sociedad.<\/a><\/li>\n<\/ul>\n<\/li>\n<\/ul>\n\n\n\n<hr class=\"wp-block-separator has-alpha-channel-opacity\"\/>\n\n\n\n<ul class=\"wp-block-list\">\n<li class=\"has-small-font-size\">El campo mexicano frente al neoliberalismo y la apertura comercial.\n<ul class=\"wp-block-list\">\n<li><a href=\"https:\/\/globalizacionydesarrollo.com\/images\/pdf\/capitulos\/El%20campo%20mexicano%20frente%20al%20neoliberalismo%20y%20la%20apertura%20comercial.pdf\" target=\"_blank\" rel=\"noreferrer noopener\">Agricultura mexicana y tratado de libre comercio de Am\u00e9rica del norte.<\/a><\/li>\n<\/ul>\n<\/li>\n<\/ul>\n\n\n\n<hr class=\"wp-block-separator has-alpha-channel-opacity\"\/>\n\n\n\n<ul class=\"wp-block-list\">\n<li class=\"has-small-font-size\">El desarrollo agr\u00edcola y rural del tercer mundo en el contexto de la mundializaci\u00f3n.\n<ul class=\"wp-block-list\">\n<li><a href=\"https:\/\/globalizacionydesarrollo.com\/images\/pdf\/capitulos\/El%20desarrollo%20agricola%20y%20rural%20del%20tercer%20mundo%20en%20el%20contexto%20de%20la%20mundializacion.pdf\" target=\"_blank\" rel=\"noreferrer noopener\">El efecto del Tratado de Libre Comercio de Am\u00e9rica del Norte y del Tratado de Libre&nbsp;Comercio M\u00e9xico-Uni\u00f3n Europea en la agricultura mexicana.<\/a><\/li>\n<\/ul>\n<\/li>\n<\/ul>\n\n\n\n<hr class=\"wp-block-separator has-alpha-channel-opacity\"\/>\n\n\n\n<ul class=\"wp-block-list\">\n<li class=\"has-small-font-size\">El plan puebla panam\u00e1.\n<ul class=\"wp-block-list\">\n<li><a href=\"https:\/\/globalizacionydesarrollo.com\/images\/pdf\/capitulos\/El%20plan%20puebla%20panama.pdf\" target=\"_blank\" rel=\"noreferrer noopener\">Pol\u00edtica exterior, Menoscabo de principios.<\/a><\/li>\n<\/ul>\n<\/li>\n<\/ul>\n\n\n\n<hr class=\"wp-block-separator has-alpha-channel-opacity\"\/>\n\n\n\n<ul class=\"wp-block-list\">\n<li class=\"has-small-font-size\">El sector agropecuario en el futuro de la econom\u00eda mexicana.\n<ul class=\"wp-block-list\">\n<li><a href=\"https:\/\/globalizacionydesarrollo.com\/images\/pdf\/capitulos\/El%20sector%20agropecuario%20en%20el%20futuro%20de%20la%20economia%20mexicana.pdf\" target=\"_blank\" rel=\"noreferrer noopener\">Un modelo alternativo-de desarrollo rural versus transnacionalizaci\u00f3n&nbsp;y polarizaci\u00f3n de la agricultura mexicana.<\/a><\/li>\n<\/ul>\n<\/li>\n<\/ul>\n\n\n\n<hr class=\"wp-block-separator has-alpha-channel-opacity\"\/>\n\n\n\n<ul class=\"wp-block-list\">\n<li class=\"has-small-font-size\">El sector agropecuario mexicano despu\u00e9s del colapso econ\u00f3mico.\n<ul class=\"wp-block-list\">\n<li><a href=\"https:\/\/globalizacionydesarrollo.com\/images\/pdf\/capitulos\/El%20sector%20agropecuario%20mexicano%20despues%20del%20colapso%20economico.pdf\" target=\"_blank\" rel=\"noreferrer noopener\">Reflexiones sobre pol\u00edtica macroecon\u00f3mica y desarrollo rural en M\u00e9xico.<\/a><\/li>\n<\/ul>\n<\/li>\n<\/ul>\n\n\n\n<hr class=\"wp-block-separator has-alpha-channel-opacity\"\/>\n\n\n\n<ul class=\"wp-block-list\">\n<li class=\"has-small-font-size\">El sector agropecuario mexicano frente al tratado de libre comercio.\n<ul class=\"wp-block-list\">\n<li><a href=\"https:\/\/globalizacionydesarrollo.com\/images\/pdf\/capitulos\/El%20sector%20agropecuario%20mexicano%20frente%20al%20tratado%20de%20libre%20comercio.pdf\" target=\"_blank\" rel=\"noreferrer noopener\">Reforma rural, democracia y soberan\u00eda nacional, por una estrategia de desarrollo rural que fortalezca la independencia y soberan\u00eda nacional.<\/a><\/li>\n<\/ul>\n<\/li>\n<\/ul>\n\n\n\n<hr class=\"wp-block-separator has-alpha-channel-opacity\"\/>\n\n\n\n<ul class=\"wp-block-list\">\n<li class=\"has-small-font-size\">Ensayos sobre cuestiones agrarias.\n<ul class=\"wp-block-list\">\n<li class=\"has-small-font-size\"><a href=\"https:\/\/globalizacionydesarrollo.com\/images\/pdf\/capitulos\/Ensayos%20sobre%20cuestiones%20agrarias.pdf\">Agricultura, agroindustrializaci\u00f3ny dependencia&nbsp;en los pa\u00edses perif\u00e9ricos.<\/a><\/li>\n<\/ul>\n<\/li>\n<\/ul>\n\n\n\n<hr class=\"wp-block-separator has-alpha-channel-opacity\"\/>\n\n\n\n<ul class=\"wp-block-list\">\n<li class=\"has-small-font-size\">Fin de \u00e9poca.\n<ul class=\"wp-block-list\">\n<li class=\"has-small-font-size\"><a href=\"https:\/\/globalizacionydesarrollo.com\/images\/pdf\/capitulos\/Fin%20de%20epoca.pdf\" target=\"_blank\" rel=\"noreferrer noopener\">El Acuerdo Global entre M\u00e9xico y la Uni\u00f3n Europea.<\/a><\/li>\n<\/ul>\n<\/li>\n<\/ul>\n\n\n\n<hr class=\"wp-block-separator has-alpha-channel-opacity\"\/>\n\n\n\n<ul class=\"wp-block-list\">\n<li class=\"has-small-font-size\">Imperialismo mundializaci\u00f3n y desarrollo.\n<ul class=\"wp-block-list\">\n<li><a href=\"https:\/\/globalizacionydesarrollo.com\/images\/pdf\/capitulos\/Imperialismo%20mundializacion%20y%20desarrollo.pdf\" target=\"_blank\" rel=\"noreferrer noopener\">Estrategias nacionales de desarrollo en la Mundializaci\u00f3n: M\u00e9xico<\/a><\/li>\n<\/ul>\n<\/li>\n<\/ul>\n\n\n\n<hr class=\"wp-block-separator has-alpha-channel-opacity\"\/>\n\n\n\n<ul class=\"wp-block-list\">\n<li class=\"has-small-font-size\">La agricultura 500 a\u00f1os despu\u00e9s.\n<ul class=\"wp-block-list\">\n<li><a href=\"https:\/\/globalizacionydesarrollo.com\/images\/pdf\/capitulos\/La%20agricultura%20500%20a&amp;os%20despues.pdf\" target=\"_blank\" rel=\"noreferrer noopener\">Reformas al art\u00edculo 27 constitucional, nueva ley agraria y su impacto en el desarrollo rural en M\u00e9xico.<\/a><\/li>\n<\/ul>\n<\/li>\n<\/ul>\n\n\n\n<hr class=\"wp-block-separator has-alpha-channel-opacity\"\/>\n\n\n\n<ul class=\"wp-block-list\">\n<li class=\"has-small-font-size\">La crisis neoliberal mexicana.\n<ul class=\"wp-block-list\">\n<li><a href=\"https:\/\/globalizacionydesarrollo.com\/images\/pdf\/capitulos\/La%20crisis%20neoliberal%20mexicana.pdf\" target=\"_blank\" rel=\"noreferrer noopener\">Reflexiones sobre pol\u00edtica econ\u00f3mica neo\u00adliberal, deuda externa y crisis financiera en&nbsp;M\u00e9xico.<\/a><\/li>\n<\/ul>\n<\/li>\n<\/ul>\n\n\n\n<hr class=\"wp-block-separator has-alpha-channel-opacity\"\/>\n\n\n\n<ul class=\"wp-block-list\">\n<li class=\"has-small-font-size\">La modernizaci\u00f3n del sector agropecuario.\n<ul class=\"wp-block-list\">\n<li><a href=\"https:\/\/globalizacionydesarrollo.com\/images\/pdf\/capitulos\/La%20modernizacion%20del%20sector%20agropecuario.pdf\" target=\"_blank\" rel=\"noreferrer noopener\">Desarrollo rural y transacionalizaci\u00f3n agroalimentaria en M\u00e9xico.<\/a><\/li>\n<\/ul>\n<\/li>\n<\/ul>\n\n\n\n<hr class=\"wp-block-separator has-alpha-channel-opacity\"\/>\n\n\n\n<ul class=\"wp-block-list\">\n<li class=\"has-small-font-size\">Memorias del II foro sobre la reforma rural.\n<ul class=\"wp-block-list\">\n<li><a href=\"https:\/\/globalizacionydesarrollo.com\/images\/pdf\/capitulos\/Memorias%20del%20II%20foro%20sobre%20la%20reforma%20rural.pdf\" target=\"_blank\" rel=\"noreferrer noopener\">Transnacionalizaci\u00f3n y desarrollo agr\u00edcola.<\/a><\/li>\n<\/ul>\n<\/li>\n<\/ul>\n\n\n\n<hr class=\"wp-block-separator has-alpha-channel-opacity\"\/>\n\n\n\n<ul class=\"wp-block-list\">\n<li class=\"has-small-font-size\">Problemas macroecon\u00f3micos de M\u00e9xico T II.\n<ul class=\"wp-block-list\">\n<li><a href=\"https:\/\/globalizacionydesarrollo.com\/images\/pdf\/capitulos\/Problemas%20macroeconomicos%20de%20Mexico%20T%20II.pdf\" target=\"_blank\" rel=\"noreferrer noopener\">Por una pol\u00edtica de ingreso y egreso p\u00fablico que impulse el desarrollo nacional.<\/a><\/li>\n<\/ul>\n<\/li>\n<\/ul>\n\n\n\n<hr class=\"wp-block-separator has-alpha-channel-opacity\"\/>\n\n\n\n<ul class=\"wp-block-list\">\n<li class=\"has-small-font-size\">Quelle Europe pour quel monde.\n<ul class=\"wp-block-list\">\n<li><a href=\"https:\/\/globalizacionydesarrollo.com\/images\/pdf\/capitulos\/Quelle%20Europe%20pour%20quel%20monde.pdf\" target=\"_blank\" rel=\"noreferrer noopener\">Globalisation et int\u00e9gration \u00e9conomique. L&#8217;exp\u00e9rience de l&#8217;accord de Iibre-\u00e9change entre le Mexique el l&#8217;Union europ\u00e9enne.<\/a><\/li>\n<\/ul>\n<\/li>\n<\/ul>\n\n\n\n<hr class=\"wp-block-separator has-alpha-channel-opacity\"\/>\n\n\n\n<ul class=\"wp-block-list\">\n<li class=\"has-small-font-size\">Reforma para el saqueo.\n<ul class=\"wp-block-list\">\n<li><a href=\"https:\/\/globalizacionydesarrollo.com\/images\/pdf\/capitulos\/Reforma%20para%20el%20saqueo.pdf\" target=\"_blank\" rel=\"noreferrer noopener\">TLCAN y propuesta de reforma energ\u00e9tica del presidente Enrique Pe\u00f1a Nieto.<\/a>&nbsp;<\/li>\n<\/ul>\n<\/li>\n<\/ul>\n\n\n\n<hr class=\"wp-block-separator has-alpha-channel-opacity\"\/>\n\n\n\n<ul class=\"wp-block-list\">\n<li class=\"has-small-font-size\">Texto Dr. Jorge A. Calder\u00f3n en libro Seguridad Alimentaria.\n<ul class=\"wp-block-list\">\n<li><a href=\"https:\/\/globalizacionydesarrollo.com\/images\/pdf\/capitulos\/Texto%20Dr%20Jorge%20A%20Calderon%20en%20libro%20Seguridad%20Alimentaria.pdf\" target=\"_blank\" rel=\"noreferrer noopener\">El TLCAN y la trasnacionalizaci\u00f3n agr\u00edcola y agroindustrial de M\u00e9xico. Su impacto en la seguridad alimentaria.<\/a><\/li>\n<\/ul>\n<\/li>\n<\/ul>\n\n\n\n<hr class=\"wp-block-separator has-alpha-channel-opacity\"\/>\n\n\n\n<ul class=\"wp-block-list\">\n<li class=\"has-small-font-size\">TLC m\u00e1s que un tratado de libre comercio.\n<ul class=\"wp-block-list\">\n<li><a href=\"https:\/\/globalizacionydesarrollo.com\/images\/pdf\/capitulos\/TLC%20mas%20que%20un%20tratado%20de%20libre%20comercio.pdf\" target=\"_blank\" rel=\"noreferrer noopener\">Diez a\u00f1os del Tratado de Libre Comercio de Am\u00e9rica del Norte (TLCAN)&nbsp;Su impacto en la econom\u00eda de M\u00e9xico<\/a><\/li>\n<\/ul>\n<\/li>\n<\/ul>\n\n\n\n<hr class=\"wp-block-separator has-alpha-channel-opacity\"\/>\n\n\n\n<ul class=\"wp-block-list\">\n<li class=\"has-small-font-size\">TLCAN balance general e impactos subregionales y sectoriales.\n<ul class=\"wp-block-list\">\n<li><a href=\"https:\/\/globalizacionydesarrollo.com\/images\/pdf\/capitulos\/TLCAN%20balance%20general%20e%20impactos%20subregionales%20y%20sectoriales.pdf\" target=\"_blank\" rel=\"noreferrer noopener\">Pol\u00edticas de ajuste estructural e impacto macroecon\u00f3mico del TLCAN en M\u00e9xico.<\/a><\/li>\n<\/ul>\n<\/li>\n<\/ul>\n","protected":false},"excerpt":{"rendered":"","protected":false},"author":1,"featured_media":0,"parent":0,"menu_order":0,"comment_status":"closed","ping_status":"closed","template":"","meta":{"_editorskit_title_hidden":false,"_editorskit_reading_time":0,"_editorskit_is_block_options_detached":false,"_editorskit_block_options_position":"{}","footnotes":""},"class_list":["post-224","page","type-page","status-publish","hentry"],"_links":{"self":[{"href":"https:\/\/globalizacionydesarrollo.com\/home\/wp-json\/wp\/v2\/pages\/224","targetHints":{"allow":["GET"]}}],"collection":[{"href":"https:\/\/globalizacionydesarrollo.com\/home\/wp-json\/wp\/v2\/pages"}],"about":[{"href":"https:\/\/globalizacionydesarrollo.com\/home\/wp-json\/wp\/v2\/types\/page"}],"author":[{"embeddable":true,"href":"https:\/\/globalizacionydesarrollo.com\/home\/wp-json\/wp\/v2\/users\/1"}],"replies":[{"embeddable":true,"href":"https:\/\/globalizacionydesarrollo.com\/home\/wp-json\/wp\/v2\/comments?post=224"}],"version-history":[{"count":27,"href":"https:\/\/globalizacionydesarrollo.com\/home\/wp-json\/wp\/v2\/pages\/224\/revisions"}],"predecessor-version":[{"id":314,"href":"https:\/\/globalizacionydesarrollo.com\/home\/wp-json\/wp\/v2\/pages\/224\/revisions\/314"}],"wp:attachment":[{"href":"https:\/\/globalizacionydesarrollo.com\/home\/wp-json\/wp\/v2\/media?parent=224"}],"curies":[{"name":"wp","href":"https:\/\/api.w.org\/{rel}","templated":true}]}}