{"id":85,"date":"2024-04-27T23:08:14","date_gmt":"2024-04-28T05:08:14","guid":{"rendered":"https:\/\/globalizacionydesarrollo.com\/home\/?page_id=85"},"modified":"2024-04-27T23:17:22","modified_gmt":"2024-04-28T05:17:22","slug":"semblanza","status":"publish","type":"page","link":"https:\/\/globalizacionydesarrollo.com\/home\/semblanza\/","title":{"rendered":"Semblanza"},"content":{"rendered":"\n<p class=\"has-text-align-justify has-heading-font-family\"><strong>Economista mexicano originario del Estado de Sinaloa: Acad\u00e9mico de n\u00famero de la Academia Mexicana de Econom\u00eda Pol\u00edtica. Ha recibido diversas distinciones y premios de investigaci\u00f3n. Ponente en numerosos eventos acad\u00e9micos nacionales e internacionales.<\/strong><\/p>\n\n\n\n<hr class=\"wp-block-separator has-alpha-channel-opacity is-style-wide\"\/>\n\n\n\n<div class=\"wp-block-group is-vertical is-layout-flex wp-container-core-group-is-layout-fe9cc265 wp-block-group-is-layout-flex\">\n<p class=\"has-small-font-size\">ESTUDIOS PROFESIONALES y de POSGRADO.<br>Licenciatura en Econom\u00eda, Facultad de Econom\u00eda, Universidad Nacional Aut\u00f3noma de<br>M\u00e9xico, D. F., 1966-1971.<br>Escuela de Altos Estudios en Ciencias Sociales, Francia, 1973-1976. Posgrado en Ciencias Sociales.<br>Colegio de M\u00e9xico. Diplomado en en Relaciones Internacionales. M\u00e9xico, 1983-1984.<br>Universidad Aut\u00f3noma Metropolitana. M\u00e9xico. 2005-2009. Doctor en Ciencias Sociales con especialidad en Relaciones Internacionales.<\/p>\n<\/div>\n\n\n\n<p class=\"has-text-align-justify has-small-font-size\"><br>ACTIVIDADES PROFESIONALES<br>Profesor Titular \u201cC\u201d de tiempo completo, Definitivo, Facultad de Econom\u00eda , Universidad Nacional Aut\u00f3noma de M\u00e9xico. Catedr\u00e1tico de Desarrollo Econ\u00f3mico, Econom\u00eda Internacional, Econom\u00eda Agr\u00edcola y Finanzas P\u00fablicas, 1971-2015. Director de 30 tesis que culminaron con la presentaci\u00f3n del examen profesional y varias de ellas obtuvieron menci\u00f3n honor\u00edfica. Jurado de 54 ex\u00e1menes profesionales. Consejero t\u00e9cnico de 1982 a 1985 en la Facultad de Econom\u00eda, UNAM. Jurado en cuatro ex\u00e1menes de oposici\u00f3n. He impartido ocho cursos de formaci\u00f3n de profesores; dos en la Facultad de Econom\u00eda, UNAM; cuatro en la Universidad Aut\u00f3noma de Sinaloa; uno en el Centro de Investigaci\u00f3n en Alimentaci\u00f3n y Desarrollo de Sonora; y uno en la Escuela Superior de Econom\u00eda del IPN.<br>Director de la revista te\u00f3rica bimestral de Ciencias Sociales: \u201cCoyuntura\u201d, 2001-2009,<br>Profesor visitante en universidades de M\u00e9xico, Estados Unidos, Canad\u00e1 y Am\u00e9rica Latina. Ponente y conferencista en congresos, seminarios, talleres, nacionales e internacionales sobre temas de pol\u00edtica econ\u00f3mica, desarrollo rural y relaciones internacionales. 1979-2015.<br>Profesor de la Maestr\u00eda en Desarrollo Rural de la Universidad Aut\u00f3noma Metropolitana, Unidad Xochimilco, 1989-1991.<br>Profesor de: Teor\u00eda del Desarrollo Econ\u00f3mico Internacional y Desarrollo Rural Internacional en la Maestr\u00eda en Desarrollo y Sociolog\u00eda Rural de la Universidad Aut\u00f3noma Chapingo, Chapingo, Estado de M\u00e9xico, 1979 a 1991; y de 1996 a 1997.<br>Consultor del Programa: \u201cFormaci\u00f3n de Recursos Humanos de Alto Nivel\u201d de la Organizaci\u00f3n de las Naciones Unidas (ONU), la FAO y la Comisi\u00f3n Econ\u00f3mica para Am\u00e9rica Latina (CEPAL) en 1989 y 1990. Coordinador de dos talleres latinoamericanos sobre \u201cInternacionalizaci\u00f3n de la agricultura, comercio y mercados internacionales\u201d. 1989-1990.<br>Director de la Asociaci\u00f3n Civil: \u201cEnlace, Comunicaci\u00f3n y Capacitaci\u00f3n, A. C.\u201d, organismo no gubernamental de promoci\u00f3n del desarrollo comunitario, educaci\u00f3n popular y desarrollo rural sustentable. 1989-1991. M\u00e9xico, D.F.<\/p>\n\n\n\n<p class=\"has-text-align-justify has-small-font-size\"><br>DISTINCIONES<br>Premio de Ciencias Sociales, Universidad Aut\u00f3noma Chapingo, M\u00e9xico, 1986.<br>Premio de Investigaci\u00f3n en Econom\u00eda Agr\u00edcola, Instituto de Investigaciones Econ\u00f3micas, UNAM, 1985.<br>Medalla al M\u00e9rito Universitario. Universidad Aut\u00f3noma Metropolitana. 2014.<br>Acad\u00e9mico de n\u00famero de la Academia Mexicana de Econom\u00eda Pol\u00edtica.<\/p>\n\n\n\n<p class=\"has-text-align-justify has-small-font-size\"><br>ACTIVIDADES LEGISLATIVAS<br>Diputado Federal. 1991-1994. LV Legislatura del Congreso de la Uni\u00f3n de M\u00e9xico. Secretario de la Comisi\u00f3n de Programaci\u00f3n, Presupuesto y Cuenta P\u00fablica. Coordinador del \u00e1rea de pol\u00edtica econ\u00f3mica del Gpo. Parlamentario del Partido de la Revoluci\u00f3n Democr\u00e1tica (PRD). Responsable del dictamen del referido grupo parlamentario sobre los Presupuestos de Egresos y Ley de Ingresos para el ejercicio fiscal de 1992, 1993, 1994; de leyes comerciales y financieras; y de la posici\u00f3n del PRD sobre tratados internacionales, particularmente el Tratado de Libre Comercio de Am\u00e9rica del Norte (TLCAN), el Tratado Mundial de Comercio y el protocolo de incorporaci\u00f3n de M\u00e9xico a la Organizaci\u00f3n Mundial de Comercio.<br>Senador de la Rep\u00fablica. M\u00e9xico.1997- 2000. LVII Legislatura del Congreso de la Uni\u00f3n, Presidente de la Comisi\u00f3n de Relaciones Exteriores, Cuarta. Integrante de las Comisiones de Comercio, Relaciones Exteriores (I, II, III, V y Global), Hacienda y Agricultura. Coordinador de Relaciones Internacionales del Grupo Parlamentario del PRD en el Senado de la Rep\u00fablica.<\/p>\n\n\n\n<p class=\"has-text-align-justify has-small-font-size\"><br>ALGUNAS ACTIVIDADES LEGISLATIVAS INTERNACIONALES<br>Presidente de la delegaci\u00f3n parlamentaria mexicana que visit\u00f3 Argelia y Egipto del 30 de junio al 10 de julio de 1998.<br>Presidente de la delegaci\u00f3n parlamentaria mexicana que visit\u00f3 Australia del 8 al 18 de octubre de 1999.<br>Integrante de la delegaci\u00f3n mexicana a la IX Conferencia Interparlamentaria Comunidad Europea-Am\u00e9rica Latina. Sao Paulo, Brasil. 3 al 7 de mayo de 1993.<br>Integrante de la delegaci\u00f3n del Parlamento Latinoamericano a la Conferencia entre el Parlamento Europeo y el Parlatino. Bruselas, B\u00e9lgica, 19-21 de marzo de 1999.<br>Integrante de la delegaci\u00f3n mexicana a las interparlamentarias M\u00e9xico-E.U. realizadas en: Huatulco, Oaxaca, M\u00e9xico, 22 &#8211; 25 de abril de 1994., Morelia, Michoac\u00e1n, M\u00e9xico, 19-20 de junio de 1998., Savannah, Georgia, EUA, 25-27 de junio de 1999., Puebla, Puebla, M\u00e9xico, 5-7 de mayo de 2000.<br>Integrante de la Comisi\u00f3n de Asuntos Econ\u00f3micos del Parlamento Latinoamericano. 1991-1994 y 1997-2000.<br>Integrante de la delegaci\u00f3n mexicana a los Foros parlamentarios Asia- Pac\u00edfico realizados en: Se\u00fal, Corea del Sur, 7-10 de enero 1998 y Lima, Per\u00fa, 11-15 enero 1999.<br>Integrante de la delegaci\u00f3n mexicana a la Asamblea Parlamentaria del Consejo de Europa. 1998 y 1999. Delegado en la Comisi\u00f3n de Asuntos Econ\u00f3micos del referido Consejo.<br>Libros autor y\/o coordinador general:<br>1.-\u00abAgricultura, Industrializaci\u00f3n y Autogesti\u00f3n Campesina\u00bb. Autor. Centro de Estudios Hist\u00f3ricos de Agrarismo en M\u00e9xico, M\u00e9xico, 1986. 156 p\u00e1ginas.<\/p>\n\n\n\n<p class=\"has-small-font-size\">2.-\u00abReforma Agraria y Colectivizaci\u00f3n Ejidal en M\u00e9xico. La experiencia cardenista\u00bb. Autor. Universidad Aut\u00f3noma de Sinaloa, Culiac\u00e1n, Sinaloa, M\u00e9xico, 1990. 128 p\u00e1ginas.<\/p>\n\n\n\n<p class=\"has-small-font-size\">3.-\u00abM\u00e9xico, Crisis y Dependencia. Por un proyecto alternativo de desarrollo nacional\u00bb. Autor. Enlace, Comunicaci\u00f3n y Capacitaci\u00f3n, A. C. M\u00e9xico, D. F., 1991. 168 p\u00e1ginas.<\/p>\n\n\n\n<p class=\"has-small-font-size\">4.-\u00abReforma Agraria, Alimentaci\u00f3n y Desarrollo Agroindustrial\u00bb; elaborado conjuntamente con Ifigenia Mart\u00ednez. Coordinaci\u00f3n General: Ifigenia Mart\u00ednez y Jorge A. Calder\u00f3n Salazar. Coautor. Editado por la C\u00e1mara de Diputados y Grupo Parlamentario del PRD en la LIV Legislatura, M\u00e9xico, D.F., 1991. 182 p\u00e1ginas.<\/p>\n\n\n\n<p class=\"has-small-font-size\">5.-\u00abEl Tratado de Libre Comercio y el Desarrollo rural. Impacto en la industria alimentaria y en la producci\u00f3n de granos b\u00e1sicos. Propuestas alternativas\u00bb. Autor. Centro de Estudios del Movimiento Obrero y Socialista, M\u00e9xico, D. F., 1992. 128 p\u00e1ginas.<\/p>\n\n\n\n<p class=\"has-small-font-size\">6,.\u00bbTratado de Libre Comercio de Am\u00e9rica del Norte. An\u00e1lisis, Cr\u00edtica y Propuesta\u00bb. Coordinaci\u00f3n General: Alberto Arroyo y Jorge A. Calder\u00f3n Salazar. Coautor. Editado por la Red Mexicana de Acci\u00f3n Frente al Libre Comercio, M\u00e9xico 1993. 300 p\u00e1ginas.<\/p>\n\n\n\n<p class=\"has-small-font-size\">7.-\u00abDemocracia, Soberan\u00eda y Desarrollo Econ\u00f3mico Nacional\u00bb. Dos tomos. C\u00e1mara de Diputados, LV Legislatura, M\u00e9xico, D. F., 1994. Coordinador General y coautor. Tomo I: 440 p\u00e1ginas. Tomo II, 633 p\u00e1ginas.<\/p>\n\n\n\n<p class=\"has-small-font-size\">8.-\u201cEstudios de evaluaci\u00f3n del Tratado de Libre Comercio de Am\u00e9rica del Norte\u201d. Coordinador General y coautor. Editado por el Senado de la Rep\u00fablica y Editorial Praxis. M\u00e9xico. 2000. 166 p\u00e1ginas.<\/p>\n\n\n\n<p class=\"has-small-font-size\">9.-\u201cM\u00e9xico y el nuevo orden internacional. An\u00e1lisis y propuestas legislativas 1997-2000\u201d. Autor. Editado por el Senado de la Rep\u00fablica y Editorial Praxis. M\u00e9xico. 2000. 488 p\u00e1ginas.<\/p>\n\n\n\n<p class=\"has-small-font-size\">10.-\u201cAcuerdo de Asociaci\u00f3n Econ\u00f3mica, Concertaci\u00f3n Pol\u00edtica y Cooperaci\u00f3n entre M\u00e9xico y la Uni\u00f3n Europea\u201d. Coordinador general y coautor. Editado por el Senado de la Rep\u00fablica. M\u00e9xico. 2000. 148 p\u00e1ginas.<\/p>\n\n\n\n<p class=\"has-small-font-size\">11.-\u201cMemoria de la Comisi\u00f3n de Relaciones Exteriores IV\u201d. Dos Tomos. Coordinador general y coautor. Editados por el Senado de la Rep\u00fablica. M\u00e9xico. 1999 y 2000. Tomo I, 346 p\u00e1ginas; Tomo II, 424 p\u00e1ginas.<\/p>\n\n\n\n<p class=\"has-small-font-size\">12.-\u201cReforma fiscal integral: justa, equitativa y federalista\u201d. Coordinaci\u00f3n General: Miroslava Garc\u00eda Su\u00e1rez y Jorge A. Calder\u00f3n Salazar. Coautor. Editado por la C\u00e1mara de Diputados y el Instituto de Estudios de la Revoluci\u00f3n Democr\u00e1tica. M\u00e9xico, 2001. 170 p\u00e1ginas.<\/p>\n\n\n\n<p class=\"has-small-font-size\">13.-\u201cM\u00e9xico en el mundo global\u201d. Coordinador y coautor. Editado por la Fundaci\u00f3n Fiedrich Ebert y el Instituto de Estudios de la Revoluci\u00f3n Democr\u00e1tica. M\u00e9xico, 2001. 320 p\u00e1ginas.<\/p>\n\n\n\n<p class=\"has-small-font-size\">14.- \u201cArea de Libre Comercio de las Am\u00e9ricas, an\u00e1lisis y alternativas. Respuesta social a la agenda corporativa\u201d. Coordinaci\u00f3n: Alberto Arroyo Picard, Jorge Calder\u00f3n Salazar, Miroslava Garc\u00eda Su\u00e1rez y Andr\u00e9s Pe\u00f1aloza, editado por la Fundaci\u00f3n Friedrich Ebert, El Grupo Parlamentario del Partido de la Revoluci\u00f3n Democr\u00e1tica de la LVIII Legislatura de la C\u00e1mara de Diputados y el Instituto de Estudios de la Revoluci\u00f3n Democr\u00e1tica, M\u00e9xico, D.F. 2002. 217 p\u00e1ginas.<\/p>\n\n\n\n<p class=\"has-small-font-size\">15.- \u201cM\u00e9xico Reforma Fiscal, Pol\u00edtica Econ\u00f3mica y Deuda P\u00fablica\u201d, Coordinaci\u00f3n: Jorge Calder\u00f3n Salazar, Miroslava Garc\u00eda Su\u00e1rez y Alejandra Tello M., editado por el Grupo Parlamentario del Partido de la Revoluci\u00f3n Democr\u00e1tica de la LVIII Legislatura de la C\u00e1mara de Diputados y el Instituto de Estudios de la Revoluci\u00f3n Democr\u00e1tica, M\u00e9xico, 2002. 137 p\u00e1ginas.<\/p>\n\n\n\n<p class=\"has-small-font-size\">16.- \u201cReforma del Sector El\u00e9ctrico de M\u00e9xico, propuestas viables y soberanas\u201d. Coordinaci\u00f3n: Rosario Tapia y Jorge Calder\u00f3n Salazar, editado por el Instituto de Estudios de la Revoluci\u00f3n Democr\u00e1tica, M\u00e9xico 2002. 254 p\u00e1ginas.<\/p>\n\n\n\n<p class=\"has-small-font-size\">17.- Federalismo Hacendario en M\u00e9xico. Retos y alternativas\u201d. Coordinador General y coautor. Instituto de Estudios de la Revoluci\u00f3n Democr\u00e1tica y Fundaci\u00f3n Friedrich Ebert. M\u00e9xico, 2005 . 180 p\u00e1ginas.<\/p>\n\n\n\n<p class=\"has-small-font-size\">18.-\u201cM\u00e9xico Hacia una reforma integral del Estado. Propuestas y alternativas\u201d. Coordinador y coautor. Instituto de Estudios de la Revoluci\u00f3n Democr\u00e1tica y Fundaci\u00f3n Friedrich Ebert. M\u00e9xico, 2005. 671 p\u00e1ginas.<\/p>\n\n\n\n<p class=\"has-small-font-size\">19.- \u201cDesarrollo Rural y Crisis Alimentaria en M\u00e9xico\u201d. Autor. Senado de la Rep\u00fablica. Instituto Belisario Dom\u00ednguez. M\u00e9xico. 2012. 104 p\u00e1ginas.<\/p>\n\n\n\n<p class=\"has-small-font-size\">20.- \u201c20 a\u00f1os del TLCAN. Su impacto en la balanza de pagos, agricultura y vulnerabilidad externa de la econom\u00eda mexicana\u201d. Autor. Miguel \u00c1ngel Porr\u00faa, librero-editor y Consejo Editorial de la H. C\u00e1mara de Diputados, LXII Legislatura. Colecci\u00f3n: Conocer para Decidir. M\u00e9xico, 2015. 305 p\u00e1ginas.<\/p>\n\n\n\n<p class=\"has-small-font-size\">Coautor de 57 libros publicados por Universidad Nacional Aut\u00f3noma de M\u00e9xico, Universidad aut\u00f3noma Metropolitana ( M\u00e9xico D. F.),, Universidad Aut\u00f3noma Chapingo (M\u00e9xico), Universidad Aut\u00f3noma de Sinaloa, Facultad Latinoamericana de Ciencias Sociales ( FLACSO Ecuador), Instituto Fernando Otorgu\u00e9s (Uruguay), Grijalvo, Plaza y Vald\u00e9z, Siglo XXI, Miguel \u00c1ngel Porr\u00faa, Editions Syllepse (Francia), Espasa Calpe Mexicana, Juan Pablos Editor, Fundaci\u00f3n Friedrich Ebert, Edicioni Punto Rosso (Italia), C\u00e1mara de Diputados y C\u00e1mara de Senadores de M\u00e9xico. Entre ellos:<\/p>\n\n\n\n<p class=\"has-small-font-size\">\u201cDiez a\u00f1os del TLCAN. Su impacto en la econom\u00eda de M\u00e9xico\u201d. Texto publicado en el libro: \u201cTLC. M\u00e1s que un tratado de libre comercio\u201d. Coordinadores: Alberto Acosta y Fander Falcon\u00ed. Editores: Fundaci\u00f3n Friedrich Ebert sede Ecuador y FLACSO Ecuador, Quito, 2005.<br>\u201cEl Acuerdo Global entre M\u00e9xico y la Uni\u00f3n Europea\u201d en coautor\u00eda con Federico Manch\u00f3n C. Texto publicado en el libro \u201cFin de \u00c9poca de la integraci\u00f3n tradicional al regionalismo estrat\u00e9gico\u201d. Coordinador: Alfredo Guerra-Borges. Editorial Siglo Veintiuno editores, M\u00e9xico, 2009. P\u00e1g. 280-310.<br>\u201cGlobalisation et int\u00e9gration \u00e9conomique. L\u2019exp\u00e9rience de l\u2019accord de libre-\u00e9change entre le Mexique et l\u2019Union europ\u00e9enne\u201d. Ensayo publicado en el libro: Quelle Europe pour quel monde?. Editions Syllepse (Paris) et Espaces Marx, 2004. p\u00e1g. 189-214.<br>\u201cLa integraci\u00f3n de Am\u00e9rica Latina y el proceso de internacionalizaci\u00f3n de capital\u201d; publicado en el libro: \u201cLa mundializzazione capital\u00edstica nell\u2019epoca presente\u201d. Coautores: Samir Amin, Jorge Calder\u00f3n Salazar, Jos\u00e9 Luis Del Roio, Fausto Bertinotti. Edicioni Punto Rosso, Milan, 1996. Pp. 15-42.<br>\u201cPol\u00edticas de ajuste estructural e impacto macroecon\u00f3mico del TLCAN en M\u00e9xico\u201d. Texto publicado en el libro: \u201cTLCAN. Balance general e impactos subregionales y sectoriales\u201d, Juan Manuel Sandoval Palacios, Compilador. Universidad Aut\u00f3noma Chapingo. M\u00e9xico, 2009.<br>\u201cLa experiencia de los Los Acuerdos de Promoci\u00f3n y Protecci\u00f3n Rec\u00edproca de Inversiones y de las normas de inversi\u00f3n en el TLCAN, el TLC M\u00e9xico-Uni\u00f3n Europea y la OMC.\u201d. Publicada en el libro: \u201cDerecho y seguridad Internacional\u201d. Instituto de Investigaciones Jur\u00eddicas. UNAM, M\u00e9xico, 2005.<br>\u201cLa CRISIS ECON\u00d3MICA EN M\u00c9XICO: 2008-2009. VULNERABILIDAD Y CONDICIONALIDAD EXTERNA\u201d. En coautor\u00eda con Ra\u00fal Carvajal. Cap\u00edtulo del libro: \u201cCrisis global, respuestas nacionales. La Gran Recesi\u00f3n en Am\u00e9rica Latina y Asia Pac\u00edfico\u201d. Jos\u00e9 Luis Le\u00f3n-Manr\u00edquez (Editor). Editorial Observatorio Am\u00e9rica Latina &#8211; Asia Pac\u00edfico. Montevideo, Uruguay. 2015.<br>Autor de 85 ensayos e investigaciones publicados en revistas especializadas sobre desarrollo rural, desarrollo econ\u00f3mico y econom\u00eda internacional.<\/p>\n","protected":false},"excerpt":{"rendered":"<p>Economista mexicano originario del Estado de Sinaloa: Acad\u00e9mico de n\u00famero de la Academia Mexicana de Econom\u00eda Pol\u00edtica. Ha recibido diversas distinciones y premios de investigaci\u00f3n. Ponente en numerosos eventos acad\u00e9micos nacionales e internacionales. ESTUDIOS PROFESIONALES y de POSGRADO.Licenciatura en Econom\u00eda, Facultad de Econom\u00eda, Universidad Nacional Aut\u00f3noma deM\u00e9xico, D. F., 1966-1971.Escuela de Altos Estudios en Ciencias [&hellip;]<\/p>\n","protected":false},"author":1,"featured_media":0,"parent":0,"menu_order":0,"comment_status":"closed","ping_status":"closed","template":"","meta":{"_editorskit_title_hidden":false,"_editorskit_reading_time":0,"_editorskit_is_block_options_detached":false,"_editorskit_block_options_position":"{}","footnotes":""},"class_list":["post-85","page","type-page","status-publish","hentry"],"_links":{"self":[{"href":"https:\/\/globalizacionydesarrollo.com\/home\/wp-json\/wp\/v2\/pages\/85","targetHints":{"allow":["GET"]}}],"collection":[{"href":"https:\/\/globalizacionydesarrollo.com\/home\/wp-json\/wp\/v2\/pages"}],"about":[{"href":"https:\/\/globalizacionydesarrollo.com\/home\/wp-json\/wp\/v2\/types\/page"}],"author":[{"embeddable":true,"href":"https:\/\/globalizacionydesarrollo.com\/home\/wp-json\/wp\/v2\/users\/1"}],"replies":[{"embeddable":true,"href":"https:\/\/globalizacionydesarrollo.com\/home\/wp-json\/wp\/v2\/comments?post=85"}],"version-history":[{"count":3,"href":"https:\/\/globalizacionydesarrollo.com\/home\/wp-json\/wp\/v2\/pages\/85\/revisions"}],"predecessor-version":[{"id":94,"href":"https:\/\/globalizacionydesarrollo.com\/home\/wp-json\/wp\/v2\/pages\/85\/revisions\/94"}],"wp:attachment":[{"href":"https:\/\/globalizacionydesarrollo.com\/home\/wp-json\/wp\/v2\/media?parent=85"}],"curies":[{"name":"wp","href":"https:\/\/api.w.org\/{rel}","templated":true}]}}